{"id":20,"date":"2025-07-28T10:11:18","date_gmt":"2025-07-28T10:11:18","guid":{"rendered":"https:\/\/amaiacastresana.rkinformatika.online\/?page_id=20"},"modified":"2025-07-28T12:22:29","modified_gmt":"2025-07-28T12:22:29","slug":"inicio","status":"publish","type":"page","link":"https:\/\/amaiacastresana.com\/eu\/","title":{"rendered":"Hasiera"},"content":{"rendered":"<div data-elementor-type=\"wp-page\" data-elementor-id=\"20\" class=\"elementor elementor-20\" data-elementor-post-type=\"page\">\n\t\t\t\t<div class=\"elementor-element elementor-element-245348d e-flex e-con-boxed e-con e-parent\" data-id=\"245348d\" data-element_type=\"container\" data-e-type=\"container\" data-settings=\"{&quot;background_background&quot;:&quot;classic&quot;}\">\n\t\t\t\t\t<div class=\"e-con-inner\">\n\t\t\t\t<div class=\"elementor-element elementor-element-09b0a94 elementor-invisible elementor-widget elementor-widget-heading\" data-id=\"09b0a94\" data-element_type=\"widget\" data-e-type=\"widget\" data-settings=\"{&quot;_animation&quot;:&quot;fadeInLeft&quot;}\" data-widget_type=\"heading.default\">\n\t\t\t\t\t<h2 class=\"elementor-heading-title elementor-size-default\">Amaya Castresana<\/h2>\t\t\t\t<\/div>\n\t\t\t\t<div class=\"elementor-element elementor-element-6f130e8 elementor-invisible elementor-widget elementor-widget-text-editor\" data-id=\"6f130e8\" data-element_type=\"widget\" data-e-type=\"widget\" data-settings=\"{&quot;_animation&quot;:&quot;fadeInUp&quot;}\" data-widget_type=\"text-editor.default\">\n\t\t\t\t\t\t\t\t\t<p>Estetikako produktuen banaketa<\/p>\t\t\t\t\t\t\t\t<\/div>\n\t\t\t\t\t<\/div>\n\t\t\t\t<\/div>\n\t\t<div class=\"elementor-element elementor-element-41dd33d e-flex e-con-boxed e-con e-parent\" data-id=\"41dd33d\" data-element_type=\"container\" data-e-type=\"container\" data-settings=\"{&quot;background_background&quot;:&quot;classic&quot;}\">\n\t\t\t\t\t<div class=\"e-con-inner\">\n\t\t<div class=\"elementor-element elementor-element-823a9eb e-con-full e-flex e-con e-child\" data-id=\"823a9eb\" data-element_type=\"container\" data-e-type=\"container\">\n\t\t\t\t<div class=\"elementor-element elementor-element-97951aa elementor-widget elementor-widget-heading\" data-id=\"97951aa\" data-element_type=\"widget\" data-e-type=\"widget\" data-widget_type=\"heading.default\">\n\t\t\t\t\t<h2 class=\"elementor-heading-title elementor-size-default\">Guri buruz<\/h2>\t\t\t\t<\/div>\n\t\t\t\t<div class=\"elementor-element elementor-element-df7bf19 elementor-widget elementor-widget-text-editor\" data-id=\"df7bf19\" data-element_type=\"widget\" data-e-type=\"widget\" data-widget_type=\"text-editor.default\">\n\t\t\t\t\t\t\t\t\t<p data-start=\"337\" data-end=\"567\">Amaya Castresana Distribuci\u00f3n enpresan, urteak daramatzagu edertasun profesionalarekin eta norberaren zaintzarekin konprometituta, kalitate handiko produktu kosmetikoak eskainiz Espainia osoko profesionalei, estetika zentroei eta ile-apaindegiei.<\/p><p data-start=\"569\" data-end=\"922\">Gure misioa da merkatuko markarik eta soluziorik onenak hurbiltzea bezeroen edertasuna eta ongizatea nabarmentzeko egunero lan egiten dutenei. Aurpegiko eta gorputzeko kosmetikatik hasi eta produktu kapilarretaraino, aparatologiaraino eta kontsumigarrietaraino, arreta handiz hautatutako katalogo bat eskaintzen dugu, emaitza ikusgarriak eta erabateko gogobetetzea bermatzeko.<\/p>\t\t\t\t\t\t\t\t<\/div>\n\t\t\t\t<\/div>\n\t\t<div class=\"elementor-element elementor-element-e2a3075 e-con-full e-flex e-con e-child\" data-id=\"e2a3075\" data-element_type=\"container\" data-e-type=\"container\">\n\t\t\t\t<div class=\"elementor-element elementor-element-55137ad elementor-widget elementor-widget-image\" data-id=\"55137ad\" data-element_type=\"widget\" data-e-type=\"widget\" data-widget_type=\"image.default\">\n\t\t\t\t\t\t\t\t\t\t\t\t\t\t\t<img fetchpriority=\"high\" decoding=\"async\" width=\"800\" height=\"534\" src=\"https:\/\/amaiacastresana.com\/wp-content\/uploads\/2025\/07\/2147835608-1024x683.jpg\" class=\"attachment-large size-large wp-image-116\" alt=\"\" srcset=\"https:\/\/amaiacastresana.com\/wp-content\/uploads\/2025\/07\/2147835608-1024x683.jpg 1024w, https:\/\/amaiacastresana.com\/wp-content\/uploads\/2025\/07\/2147835608-300x200.jpg 300w, https:\/\/amaiacastresana.com\/wp-content\/uploads\/2025\/07\/2147835608-768x512.jpg 768w, https:\/\/amaiacastresana.com\/wp-content\/uploads\/2025\/07\/2147835608-18x12.jpg 18w, https:\/\/amaiacastresana.com\/wp-content\/uploads\/2025\/07\/2147835608.jpg 1500w\" sizes=\"(max-width: 800px) 100vw, 800px\" \/>\t\t\t\t\t\t\t\t\t\t\t\t\t\t\t<\/div>\n\t\t\t\t<\/div>\n\t\t\t\t\t<\/div>\n\t\t\t\t<\/div>\n\t\t<div class=\"elementor-element elementor-element-1dc4a47 e-flex e-con-boxed e-con e-parent\" data-id=\"1dc4a47\" data-element_type=\"container\" data-e-type=\"container\" data-settings=\"{&quot;background_background&quot;:&quot;classic&quot;}\">\n\t\t\t\t\t<div class=\"e-con-inner\">\n\t\t\t\t<div class=\"elementor-element elementor-element-f637060 elementor-cta--skin-cover elementor-animated-content elementor-bg-transform elementor-bg-transform-zoom-in elementor-widget elementor-widget-call-to-action\" data-id=\"f637060\" data-element_type=\"widget\" data-e-type=\"widget\" data-widget_type=\"call-to-action.default\">\n\t\t\t\t\t\t\t<div class=\"elementor-cta\">\n\t\t\t\t\t<div class=\"elementor-cta__bg-wrapper\">\n\t\t\t\t<div class=\"elementor-cta__bg elementor-bg\" style=\"background-image: url(https:\/\/amaiacastresana.com\/wp-content\/uploads\/2025\/07\/2151005504-1024x574.jpg);\" role=\"img\" aria-label=\"2151005504\"><\/div>\n\t\t\t\t<div class=\"elementor-cta__bg-overlay\"><\/div>\n\t\t\t<\/div>\n\t\t\t\t\t\t\t<div class=\"elementor-cta__content\">\n\t\t\t\t\n\t\t\t\t\t\t\t\t\t<h2 class=\"elementor-cta__title elementor-cta__content-item elementor-content-item elementor-animated-item--grow\">\n\t\t\t\t\t\tZaintzen, eraldatzen eta maitemintzen duten produktuak\t\t\t\t\t<\/h2>\n\t\t\t\t\n\t\t\t\t\t\t\t\t\t<div class=\"elementor-cta__description elementor-cta__content-item elementor-content-item elementor-animated-item--grow\">\n\t\t\t\t\t\tEzagutu estetikaren mundua eraldatzen ari diren produktuak\t\t\t\t\t<\/div>\n\t\t\t\t\n\t\t\t\t\t\t\t\t\t<div class=\"elementor-cta__button-wrapper elementor-cta__content-item elementor-content-item elementor-animated-item--grow\">\n\t\t\t\t\t<a class=\"elementor-cta__button elementor-button elementor-size-\" href=\"https:\/\/amaiacastresana.com\/eu\/productos\/\">\n\t\t\t\t\t\tPRODUKTUAK\t\t\t\t\t<\/a>\n\t\t\t\t\t<\/div>\n\t\t\t\t\t\t\t<\/div>\n\t\t\t\t\t\t<\/div>\n\t\t\t\t\t\t<\/div>\n\t\t\t\t\t<\/div>\n\t\t\t\t<\/div>\n\t\t\t\t<\/div>","protected":false},"excerpt":{"rendered":"<p>Amaya Castresana Distribuci\u00f3n de productos de est\u00e9tica Sobre nosotros En Amaya Castresana Distribuci\u00f3n, llevamos a\u00f1os comprometidos con la belleza profesional y el cuidado personal, ofreciendo productos cosm\u00e9ticos de alta calidad a profesionales, centros de est\u00e9tica y peluquer\u00edas en toda Espa\u00f1a. Nuestra misi\u00f3n es acercar las mejores marcas y soluciones del mercado a quienes trabajan cada [&hellip;]<\/p>\n","protected":false},"author":1,"featured_media":0,"parent":0,"menu_order":0,"comment_status":"closed","ping_status":"closed","template":"elementor_canvas","meta":{"footnotes":""},"class_list":["post-20","page","type-page","status-publish","hentry"],"yoast_head":"<!-- This site is optimized with the Yoast SEO plugin v27.3 - https:\/\/yoast.com\/product\/yoast-seo-wordpress\/ -->\n<title>Inicio - Amaya Castresana<\/title>\n<meta name=\"robots\" content=\"index, follow, max-snippet:-1, max-image-preview:large, max-video-preview:-1\" \/>\n<link rel=\"canonical\" href=\"https:\/\/amaiacastresana.com\/eu\/\" \/>\n<meta property=\"og:locale\" content=\"en_US\" \/>\n<meta property=\"og:type\" content=\"article\" \/>\n<meta property=\"og:title\" content=\"Inicio - Amaya Castresana\" \/>\n<meta property=\"og:description\" content=\"Amaya Castresana Distribuci\u00f3n de productos de est\u00e9tica Sobre nosotros En Amaya Castresana Distribuci\u00f3n, llevamos a\u00f1os comprometidos con la belleza profesional y el cuidado personal, ofreciendo productos cosm\u00e9ticos de alta calidad a profesionales, centros de est\u00e9tica y peluquer\u00edas en toda Espa\u00f1a. Nuestra misi\u00f3n es acercar las mejores marcas y soluciones del mercado a quienes trabajan cada [&hellip;]\" \/>\n<meta property=\"og:url\" content=\"https:\/\/amaiacastresana.com\/eu\/\" \/>\n<meta property=\"og:site_name\" content=\"Amaya Castresana\" \/>\n<meta property=\"article:modified_time\" content=\"2025-07-28T12:22:29+00:00\" \/>\n<meta property=\"og:image\" content=\"https:\/\/amaiacastresana.com\/wp-content\/uploads\/2025\/07\/2147835608-1024x683.jpg\" \/>\n<meta name=\"twitter:card\" content=\"summary_large_image\" \/>\n<meta name=\"twitter:label1\" content=\"Est. reading time\" \/>\n\t<meta name=\"twitter:data1\" content=\"1 minutua\" \/>\n<script type=\"application\/ld+json\" class=\"yoast-schema-graph\">{\"@context\":\"https:\\\/\\\/schema.org\",\"@graph\":[{\"@type\":\"WebPage\",\"@id\":\"https:\\\/\\\/amaiacastresana.com\\\/\",\"url\":\"https:\\\/\\\/amaiacastresana.com\\\/\",\"name\":\"Inicio - Amaya Castresana\",\"isPartOf\":{\"@id\":\"https:\\\/\\\/amaiacastresana.com\\\/#website\"},\"primaryImageOfPage\":{\"@id\":\"https:\\\/\\\/amaiacastresana.com\\\/#primaryimage\"},\"image\":{\"@id\":\"https:\\\/\\\/amaiacastresana.com\\\/#primaryimage\"},\"thumbnailUrl\":\"https:\\\/\\\/amaiacastresana.com\\\/wp-content\\\/uploads\\\/2025\\\/07\\\/2147835608-1024x683.jpg\",\"datePublished\":\"2025-07-28T10:11:18+00:00\",\"dateModified\":\"2025-07-28T12:22:29+00:00\",\"breadcrumb\":{\"@id\":\"https:\\\/\\\/amaiacastresana.com\\\/#breadcrumb\"},\"inLanguage\":\"eu\",\"potentialAction\":[{\"@type\":\"ReadAction\",\"target\":[\"https:\\\/\\\/amaiacastresana.com\\\/\"]}]},{\"@type\":\"ImageObject\",\"inLanguage\":\"eu\",\"@id\":\"https:\\\/\\\/amaiacastresana.com\\\/#primaryimage\",\"url\":\"https:\\\/\\\/amaiacastresana.com\\\/wp-content\\\/uploads\\\/2025\\\/07\\\/2147835608-1024x683.jpg\",\"contentUrl\":\"https:\\\/\\\/amaiacastresana.com\\\/wp-content\\\/uploads\\\/2025\\\/07\\\/2147835608-1024x683.jpg\"},{\"@type\":\"BreadcrumbList\",\"@id\":\"https:\\\/\\\/amaiacastresana.com\\\/#breadcrumb\",\"itemListElement\":[{\"@type\":\"ListItem\",\"position\":1,\"name\":\"Portada\",\"item\":\"https:\\\/\\\/amaiacastresana.com\\\/\"},{\"@type\":\"ListItem\",\"position\":2,\"name\":\"Inicio\"}]},{\"@type\":\"WebSite\",\"@id\":\"https:\\\/\\\/amaiacastresana.com\\\/#website\",\"url\":\"https:\\\/\\\/amaiacastresana.com\\\/\",\"name\":\"Amaya Castresana\",\"description\":\"Distribuci\u00f3n de productos de est\u00e9tica\",\"publisher\":{\"@id\":\"https:\\\/\\\/amaiacastresana.com\\\/#organization\"},\"potentialAction\":[{\"@type\":\"SearchAction\",\"target\":{\"@type\":\"EntryPoint\",\"urlTemplate\":\"https:\\\/\\\/amaiacastresana.com\\\/?s={search_term_string}\"},\"query-input\":{\"@type\":\"PropertyValueSpecification\",\"valueRequired\":true,\"valueName\":\"search_term_string\"}}],\"inLanguage\":\"eu\"},{\"@type\":\"Organization\",\"@id\":\"https:\\\/\\\/amaiacastresana.com\\\/#organization\",\"name\":\"Amaya Castresana\",\"url\":\"https:\\\/\\\/amaiacastresana.com\\\/\",\"logo\":{\"@type\":\"ImageObject\",\"inLanguage\":\"eu\",\"@id\":\"https:\\\/\\\/amaiacastresana.com\\\/#\\\/schema\\\/logo\\\/image\\\/\",\"url\":\"https:\\\/\\\/amaiacastresana.com\\\/wp-content\\\/uploads\\\/2025\\\/07\\\/cropped-Amaya-Castresana.png\",\"contentUrl\":\"https:\\\/\\\/amaiacastresana.com\\\/wp-content\\\/uploads\\\/2025\\\/07\\\/cropped-Amaya-Castresana.png\",\"width\":369,\"height\":181,\"caption\":\"Amaya Castresana\"},\"image\":{\"@id\":\"https:\\\/\\\/amaiacastresana.com\\\/#\\\/schema\\\/logo\\\/image\\\/\"}}]}<\/script>\n<!-- \/ Yoast SEO plugin. -->","yoast_head_json":{"title":"Inicio - Amaya Castresana","robots":{"index":"index","follow":"follow","max-snippet":"max-snippet:-1","max-image-preview":"max-image-preview:large","max-video-preview":"max-video-preview:-1"},"canonical":"https:\/\/amaiacastresana.com\/eu\/","og_locale":"en_US","og_type":"article","og_title":"Inicio - Amaya Castresana","og_description":"Amaya Castresana Distribuci\u00f3n de productos de est\u00e9tica Sobre nosotros En Amaya Castresana Distribuci\u00f3n, llevamos a\u00f1os comprometidos con la belleza profesional y el cuidado personal, ofreciendo productos cosm\u00e9ticos de alta calidad a profesionales, centros de est\u00e9tica y peluquer\u00edas en toda Espa\u00f1a. Nuestra misi\u00f3n es acercar las mejores marcas y soluciones del mercado a quienes trabajan cada [&hellip;]","og_url":"https:\/\/amaiacastresana.com\/eu\/","og_site_name":"Amaya Castresana","article_modified_time":"2025-07-28T12:22:29+00:00","og_image":[{"url":"https:\/\/amaiacastresana.com\/wp-content\/uploads\/2025\/07\/2147835608-1024x683.jpg","type":"","width":"","height":""}],"twitter_card":"summary_large_image","twitter_misc":{"Est. reading time":"1 minutua"},"schema":{"@context":"https:\/\/schema.org","@graph":[{"@type":"WebPage","@id":"https:\/\/amaiacastresana.com\/","url":"https:\/\/amaiacastresana.com\/","name":"Inicio - Amaya Castresana","isPartOf":{"@id":"https:\/\/amaiacastresana.com\/#website"},"primaryImageOfPage":{"@id":"https:\/\/amaiacastresana.com\/#primaryimage"},"image":{"@id":"https:\/\/amaiacastresana.com\/#primaryimage"},"thumbnailUrl":"https:\/\/amaiacastresana.com\/wp-content\/uploads\/2025\/07\/2147835608-1024x683.jpg","datePublished":"2025-07-28T10:11:18+00:00","dateModified":"2025-07-28T12:22:29+00:00","breadcrumb":{"@id":"https:\/\/amaiacastresana.com\/#breadcrumb"},"inLanguage":"eu","potentialAction":[{"@type":"ReadAction","target":["https:\/\/amaiacastresana.com\/"]}]},{"@type":"ImageObject","inLanguage":"eu","@id":"https:\/\/amaiacastresana.com\/#primaryimage","url":"https:\/\/amaiacastresana.com\/wp-content\/uploads\/2025\/07\/2147835608-1024x683.jpg","contentUrl":"https:\/\/amaiacastresana.com\/wp-content\/uploads\/2025\/07\/2147835608-1024x683.jpg"},{"@type":"BreadcrumbList","@id":"https:\/\/amaiacastresana.com\/#breadcrumb","itemListElement":[{"@type":"ListItem","position":1,"name":"Portada","item":"https:\/\/amaiacastresana.com\/"},{"@type":"ListItem","position":2,"name":"Inicio"}]},{"@type":"WebSite","@id":"https:\/\/amaiacastresana.com\/#website","url":"https:\/\/amaiacastresana.com\/","name":"Amaya Castresana","description":"Estetikako produktuen banaketa","publisher":{"@id":"https:\/\/amaiacastresana.com\/#organization"},"potentialAction":[{"@type":"SearchAction","target":{"@type":"EntryPoint","urlTemplate":"https:\/\/amaiacastresana.com\/?s={search_term_string}"},"query-input":{"@type":"PropertyValueSpecification","valueRequired":true,"valueName":"search_term_string"}}],"inLanguage":"eu"},{"@type":"Organization","@id":"https:\/\/amaiacastresana.com\/#organization","name":"Amaya Castresana","url":"https:\/\/amaiacastresana.com\/","logo":{"@type":"ImageObject","inLanguage":"eu","@id":"https:\/\/amaiacastresana.com\/#\/schema\/logo\/image\/","url":"https:\/\/amaiacastresana.com\/wp-content\/uploads\/2025\/07\/cropped-Amaya-Castresana.png","contentUrl":"https:\/\/amaiacastresana.com\/wp-content\/uploads\/2025\/07\/cropped-Amaya-Castresana.png","width":369,"height":181,"caption":"Amaya Castresana"},"image":{"@id":"https:\/\/amaiacastresana.com\/#\/schema\/logo\/image\/"}}]}},"_links":{"self":[{"href":"https:\/\/amaiacastresana.com\/eu\/wp-json\/wp\/v2\/pages\/20","targetHints":{"allow":["GET"]}}],"collection":[{"href":"https:\/\/amaiacastresana.com\/eu\/wp-json\/wp\/v2\/pages"}],"about":[{"href":"https:\/\/amaiacastresana.com\/eu\/wp-json\/wp\/v2\/types\/page"}],"author":[{"embeddable":true,"href":"https:\/\/amaiacastresana.com\/eu\/wp-json\/wp\/v2\/users\/1"}],"replies":[{"embeddable":true,"href":"https:\/\/amaiacastresana.com\/eu\/wp-json\/wp\/v2\/comments?post=20"}],"version-history":[{"count":52,"href":"https:\/\/amaiacastresana.com\/eu\/wp-json\/wp\/v2\/pages\/20\/revisions"}],"predecessor-version":[{"id":159,"href":"https:\/\/amaiacastresana.com\/eu\/wp-json\/wp\/v2\/pages\/20\/revisions\/159"}],"wp:attachment":[{"href":"https:\/\/amaiacastresana.com\/eu\/wp-json\/wp\/v2\/media?parent=20"}],"curies":[{"name":"wp","href":"https:\/\/api.w.org\/{rel}","templated":true}]}}