{"id":23,"date":"2025-07-28T10:12:02","date_gmt":"2025-07-28T10:12:02","guid":{"rendered":"https:\/\/amaiacastresana.rkinformatika.online\/?page_id=23"},"modified":"2025-07-28T12:52:11","modified_gmt":"2025-07-28T12:52:11","slug":"productos","status":"publish","type":"page","link":"https:\/\/amaiacastresana.com\/eu\/productos\/","title":{"rendered":"Produktuak"},"content":{"rendered":"<div data-elementor-type=\"wp-page\" data-elementor-id=\"23\" class=\"elementor elementor-23\" data-elementor-post-type=\"page\">\n\t\t\t\t<div class=\"elementor-element elementor-element-747fe60 e-flex e-con-boxed e-con e-parent\" data-id=\"747fe60\" data-element_type=\"container\" data-e-type=\"container\" data-settings=\"{&quot;background_background&quot;:&quot;classic&quot;}\">\n\t\t\t\t\t<div class=\"e-con-inner\">\n\t\t\t\t<div class=\"elementor-element elementor-element-95717fa elementor-invisible elementor-widget elementor-widget-heading\" data-id=\"95717fa\" data-element_type=\"widget\" data-e-type=\"widget\" data-settings=\"{&quot;_animation&quot;:&quot;fadeInLeft&quot;}\" data-widget_type=\"heading.default\">\n\t\t\t\t\t<h2 class=\"elementor-heading-title elementor-size-default\">Produktuak<\/h2>\t\t\t\t<\/div>\n\t\t\t\t<div class=\"elementor-element elementor-element-eb1a981 elementor-invisible elementor-widget elementor-widget-text-editor\" data-id=\"eb1a981\" data-element_type=\"widget\" data-e-type=\"widget\" data-settings=\"{&quot;_animation&quot;:&quot;fadeInUp&quot;}\" data-widget_type=\"text-editor.default\">\n\t\t\t\t\t\t\t\t\t<p>Estetikako produktuen banaketa<\/p>\t\t\t\t\t\t\t\t<\/div>\n\t\t\t\t\t<\/div>\n\t\t\t\t<\/div>\n\t\t<div class=\"elementor-element elementor-element-3d37bc4 e-flex e-con-boxed e-con e-parent\" data-id=\"3d37bc4\" data-element_type=\"container\" data-e-type=\"container\">\n\t\t\t\t\t<div class=\"e-con-inner\">\n\t\t<div class=\"elementor-element elementor-element-75ce6c8 e-con-full e-flex e-con e-child\" data-id=\"75ce6c8\" data-element_type=\"container\" data-e-type=\"container\" data-settings=\"{&quot;background_background&quot;:&quot;classic&quot;}\">\n\t\t\t\t<div class=\"elementor-element elementor-element-4cde0c0 elementor-widget elementor-widget-heading\" data-id=\"4cde0c0\" data-element_type=\"widget\" data-e-type=\"widget\" data-widget_type=\"heading.default\">\n\t\t\t\t\t<h2 class=\"elementor-heading-title elementor-size-default\">Cosm\u00e9tica Facial Profesional<\/h2>\t\t\t\t<\/div>\n\t\t\t\t<div class=\"elementor-element elementor-element-a3844f3 elementor-widget elementor-widget-text-editor\" data-id=\"a3844f3\" data-element_type=\"widget\" data-e-type=\"widget\" data-widget_type=\"text-editor.default\">\n\t\t\t\t\t\t\t\t\t<p data-start=\"363\" data-end=\"431\">Productos dise\u00f1ados para tratamientos de cabina o venta profesional:<\/p><ul data-start=\"433\" data-end=\"816\"><li data-start=\"433\" data-end=\"523\"><p data-start=\"435\" data-end=\"523\">Cremas hidratantes intensivas: con \u00e1cido hialur\u00f3nico, col\u00e1geno marino, vitamina C.<\/p><\/li><li data-start=\"524\" data-end=\"591\"><p data-start=\"526\" data-end=\"591\">S\u00e9rums concentrados: anti-edad, reafirmantes, iluminadores.<\/p><\/li><li data-start=\"592\" data-end=\"656\"><p data-start=\"594\" data-end=\"656\">Mascarillas faciales: peel-off, arcilla, hidrogel, tis\u00fa.<\/p><\/li><li data-start=\"657\" data-end=\"743\"><p data-start=\"659\" data-end=\"743\">Peelings qu\u00edmicos y enzim\u00e1ticos: para renovar la piel con suavidad y eficacia.<\/p><\/li><li data-start=\"744\" data-end=\"816\"><p data-start=\"746\" data-end=\"816\">Ampollas flash: efecto tensor inmediato para eventos o uso diario.<\/p><\/li><\/ul>\t\t\t\t\t\t\t\t<\/div>\n\t\t\t\t<\/div>\n\t\t<div class=\"elementor-element elementor-element-9534d8f e-con-full e-flex e-con e-child\" data-id=\"9534d8f\" data-element_type=\"container\" data-e-type=\"container\" data-settings=\"{&quot;background_background&quot;:&quot;classic&quot;}\">\n\t\t\t\t<div class=\"elementor-element elementor-element-ce71e7f elementor-widget elementor-widget-heading\" data-id=\"ce71e7f\" data-element_type=\"widget\" data-e-type=\"widget\" data-widget_type=\"heading.default\">\n\t\t\t\t\t<h2 class=\"elementor-heading-title elementor-size-default\">Cosm\u00e9tica Corporal<\/h2>\t\t\t\t<\/div>\n\t\t\t\t<div class=\"elementor-element elementor-element-67a10c7 elementor-widget elementor-widget-text-editor\" data-id=\"67a10c7\" data-element_type=\"widget\" data-e-type=\"widget\" data-widget_type=\"text-editor.default\">\n\t\t\t\t\t\t\t\t\t<p data-start=\"853\" data-end=\"908\">Ideal para tratamientos reductores, reafirmantes o spa:<\/p><ul data-start=\"910\" data-end=\"1301\"><li data-start=\"910\" data-end=\"991\"><p data-start=\"912\" data-end=\"991\">Geles y cremas reductoras: efecto calor\/fr\u00edo, cafe\u00edna, centella asi\u00e1tica.<\/p><\/li><li data-start=\"992\" data-end=\"1066\"><p data-start=\"994\" data-end=\"1066\">Aceites esenciales y de masaje: lavanda, romero, almendras dulces.<\/p><\/li><li data-start=\"1067\" data-end=\"1142\"><p data-start=\"1069\" data-end=\"1142\">Exfoliantes corporales: sales del Mar Muerto, az\u00facar moreno, bamb\u00fa.<\/p><\/li><li data-start=\"1143\" data-end=\"1220\"><p data-start=\"1145\" data-end=\"1220\">Tratamientos reafirmantes: con elastina, col\u00e1geno y silicio org\u00e1nico.<\/p><\/li><li data-start=\"1221\" data-end=\"1301\"><p data-start=\"1223\" data-end=\"1301\">Productos post-depilaci\u00f3n: calmantes, hidratantes, retardadores del vello.<\/p><\/li><\/ul>\t\t\t\t\t\t\t\t<\/div>\n\t\t\t\t<\/div>\n\t\t\t\t\t<\/div>\n\t\t\t\t<\/div>\n\t\t<div class=\"elementor-element elementor-element-5a9a7b4 e-flex e-con-boxed e-con e-parent\" data-id=\"5a9a7b4\" data-element_type=\"container\" data-e-type=\"container\">\n\t\t\t\t\t<div class=\"e-con-inner\">\n\t\t<div class=\"elementor-element elementor-element-52913ef e-con-full e-flex e-con e-child\" data-id=\"52913ef\" data-element_type=\"container\" data-e-type=\"container\" data-settings=\"{&quot;background_background&quot;:&quot;classic&quot;}\">\n\t\t\t\t<div class=\"elementor-element elementor-element-2951364 elementor-widget elementor-widget-heading\" data-id=\"2951364\" data-element_type=\"widget\" data-e-type=\"widget\" data-widget_type=\"heading.default\">\n\t\t\t\t\t<h2 class=\"elementor-heading-title elementor-size-default\">Cosm\u00e9tica Capilar<\/h2>\t\t\t\t<\/div>\n\t\t\t\t<div class=\"elementor-element elementor-element-6be4a62 elementor-widget elementor-widget-text-editor\" data-id=\"6be4a62\" data-element_type=\"widget\" data-e-type=\"widget\" data-widget_type=\"text-editor.default\">\n\t\t\t\t\t\t\t\t\t<p data-start=\"1337\" data-end=\"1393\">Especial para peluquer\u00edas, salones y centros integrales:<\/p><ul data-start=\"1395\" data-end=\"1778\"><li data-start=\"1395\" data-end=\"1469\"><p data-start=\"1397\" data-end=\"1469\">Champ\u00fas t\u00e9cnicos: antica\u00edda, equilibrantes, para cabellos te\u00f1idos.<\/p><\/li><li data-start=\"1470\" data-end=\"1551\"><p data-start=\"1472\" data-end=\"1551\">Mascarillas y acondicionadores: hidrataci\u00f3n profunda, reparaci\u00f3n intensa.<\/p><\/li><li data-start=\"1552\" data-end=\"1609\"><p data-start=\"1554\" data-end=\"1609\">Ampollas capilares: queratina, biotina, arginina.<\/p><\/li><li data-start=\"1610\" data-end=\"1694\"><p data-start=\"1612\" data-end=\"1694\">Protectores t\u00e9rmicos y serums: para alisar, dar brillo y proteger del calor.<\/p><\/li><li data-start=\"1695\" data-end=\"1778\"><p data-start=\"1697\" data-end=\"1778\">Tintes, decolorantes y oxidantes: con f\u00f3rmulas suaves y pigmentaci\u00f3n intensa.<\/p><\/li><\/ul>\t\t\t\t\t\t\t\t<\/div>\n\t\t\t\t<\/div>\n\t\t<div class=\"elementor-element elementor-element-a37509c e-con-full e-flex e-con e-child\" data-id=\"a37509c\" data-element_type=\"container\" data-e-type=\"container\" data-settings=\"{&quot;background_background&quot;:&quot;classic&quot;}\">\n\t\t\t\t<div class=\"elementor-element elementor-element-2390e1d elementor-widget elementor-widget-heading\" data-id=\"2390e1d\" data-element_type=\"widget\" data-e-type=\"widget\" data-widget_type=\"heading.default\">\n\t\t\t\t\t<h2 class=\"elementor-heading-title elementor-size-default\">Consumibles para est\u00e9tica<\/h2>\t\t\t\t<\/div>\n\t\t\t\t<div class=\"elementor-element elementor-element-066ebd0 elementor-widget elementor-widget-text-editor\" data-id=\"066ebd0\" data-element_type=\"widget\" data-e-type=\"widget\" data-widget_type=\"text-editor.default\">\n\t\t\t\t\t\t\t\t\t<p data-start=\"2099\" data-end=\"2146\">Material desechable y accesorios de uso diario:<\/p><ul data-start=\"2148\" data-end=\"2365\"><li data-start=\"2148\" data-end=\"2177\"><p data-start=\"2150\" data-end=\"2177\">Guantes de nitrilo\/vinilo<\/p><\/li><li data-start=\"2178\" data-end=\"2220\"><p data-start=\"2180\" data-end=\"2220\">Camillas, s\u00e1banas y bandas desechables<\/p><\/li><li data-start=\"2221\" data-end=\"2261\"><p data-start=\"2223\" data-end=\"2261\">Esp\u00e1tulas, algodones, toallas, capas<\/p><\/li><li data-start=\"2262\" data-end=\"2317\"><p data-start=\"2264\" data-end=\"2317\">Palitos de naranjo, limas, gorros, guantes t\u00e9rmicos<\/p><\/li><li data-start=\"2318\" data-end=\"2365\"><p data-start=\"2320\" data-end=\"2365\">Aplicadores de cera y productos de depilaci\u00f3n<\/p><\/li><\/ul>\t\t\t\t\t\t\t\t<\/div>\n\t\t\t\t<\/div>\n\t\t\t\t\t<\/div>\n\t\t\t\t<\/div>\n\t\t<div class=\"elementor-element elementor-element-9cf659f e-flex e-con-boxed e-con e-parent\" data-id=\"9cf659f\" data-element_type=\"container\" data-e-type=\"container\" data-settings=\"{&quot;background_background&quot;:&quot;classic&quot;}\">\n\t\t\t\t\t<div class=\"e-con-inner\">\n\t\t\t\t<div class=\"elementor-element elementor-element-218452e elementor-cta--skin-cover elementor-animated-content elementor-bg-transform elementor-bg-transform-zoom-in elementor-widget elementor-widget-call-to-action\" data-id=\"218452e\" data-element_type=\"widget\" data-e-type=\"widget\" data-widget_type=\"call-to-action.default\">\n\t\t\t\t\t\t\t<div class=\"elementor-cta\">\n\t\t\t\t\t<div class=\"elementor-cta__bg-wrapper\">\n\t\t\t\t<div class=\"elementor-cta__bg elementor-bg\" style=\"background-image: url(https:\/\/amaiacastresana.com\/wp-content\/uploads\/2025\/07\/2151005504-1024x574.jpg);\" role=\"img\" aria-label=\"2151005504\"><\/div>\n\t\t\t\t<div class=\"elementor-cta__bg-overlay\"><\/div>\n\t\t\t<\/div>\n\t\t\t\t\t\t\t<div class=\"elementor-cta__content\">\n\t\t\t\t\n\t\t\t\t\t\t\t\t\t<h2 class=\"elementor-cta__title elementor-cta__content-item elementor-content-item elementor-animated-item--grow\">\n\t\t\t\t\t\t\u00bfNecesitas m\u00e1s informaci\u00f3n sobre nuestros productos?\t\t\t\t\t<\/h2>\n\t\t\t\t\n\t\t\t\t\t\t\t\t\t<div class=\"elementor-cta__description elementor-cta__content-item elementor-content-item elementor-animated-item--grow\">\n\t\t\t\t\t\tEstaremos encantados de resolver tus dudas y enviarte nuestro cat\u00e1logo completo.\t\t\t\t\t<\/div>\n\t\t\t\t\n\t\t\t\t\t\t\t\t\t<div class=\"elementor-cta__button-wrapper elementor-cta__content-item elementor-content-item elementor-animated-item--grow\">\n\t\t\t\t\t<a class=\"elementor-cta__button elementor-button elementor-size-\" href=\"https:\/\/amaiacastresana.com\/eu\/contacto\/\">\n\t\t\t\t\t\tCONTACTO\t\t\t\t\t<\/a>\n\t\t\t\t\t<\/div>\n\t\t\t\t\t\t\t<\/div>\n\t\t\t\t\t\t<\/div>\n\t\t\t\t\t\t<\/div>\n\t\t\t\t\t<\/div>\n\t\t\t\t<\/div>\n\t\t\t\t<\/div>","protected":false},"excerpt":{"rendered":"<p>Productos Distribuci\u00f3n de productos de est\u00e9tica Cosm\u00e9tica Facial Profesional Productos dise\u00f1ados para tratamientos de cabina o venta profesional: Cremas hidratantes intensivas: con \u00e1cido hialur\u00f3nico, col\u00e1geno marino, vitamina C. S\u00e9rums concentrados: anti-edad, reafirmantes, iluminadores. Mascarillas faciales: peel-off, arcilla, hidrogel, tis\u00fa. Peelings qu\u00edmicos y enzim\u00e1ticos: para renovar la piel con suavidad y eficacia. Ampollas flash: efecto tensor [&hellip;]<\/p>\n","protected":false},"author":1,"featured_media":0,"parent":0,"menu_order":0,"comment_status":"closed","ping_status":"closed","template":"elementor_canvas","meta":{"footnotes":""},"class_list":["post-23","page","type-page","status-publish","hentry"],"yoast_head":"<!-- This site is optimized with the Yoast SEO plugin v27.3 - https:\/\/yoast.com\/product\/yoast-seo-wordpress\/ -->\n<title>Productos - Amaya Castresana<\/title>\n<meta name=\"robots\" content=\"index, follow, max-snippet:-1, max-image-preview:large, max-video-preview:-1\" \/>\n<link rel=\"canonical\" href=\"https:\/\/amaiacastresana.com\/eu\/productos\/\" \/>\n<meta property=\"og:locale\" content=\"en_US\" \/>\n<meta property=\"og:type\" content=\"article\" \/>\n<meta property=\"og:title\" content=\"Productos - Amaya Castresana\" \/>\n<meta property=\"og:description\" content=\"Productos Distribuci\u00f3n de productos de est\u00e9tica Cosm\u00e9tica Facial Profesional Productos dise\u00f1ados para tratamientos de cabina o venta profesional: Cremas hidratantes intensivas: con \u00e1cido hialur\u00f3nico, col\u00e1geno marino, vitamina C. S\u00e9rums concentrados: anti-edad, reafirmantes, iluminadores. Mascarillas faciales: peel-off, arcilla, hidrogel, tis\u00fa. Peelings qu\u00edmicos y enzim\u00e1ticos: para renovar la piel con suavidad y eficacia. Ampollas flash: efecto tensor [&hellip;]\" \/>\n<meta property=\"og:url\" content=\"https:\/\/amaiacastresana.com\/eu\/productos\/\" \/>\n<meta property=\"og:site_name\" content=\"Amaya Castresana\" \/>\n<meta property=\"article:modified_time\" content=\"2025-07-28T12:52:11+00:00\" \/>\n<meta name=\"twitter:card\" content=\"summary_large_image\" \/>\n<meta name=\"twitter:label1\" content=\"Est. reading time\" \/>\n\t<meta name=\"twitter:data1\" content=\"1 minutua\" \/>\n<script type=\"application\/ld+json\" class=\"yoast-schema-graph\">{\"@context\":\"https:\\\/\\\/schema.org\",\"@graph\":[{\"@type\":\"WebPage\",\"@id\":\"https:\\\/\\\/amaiacastresana.com\\\/productos\\\/\",\"url\":\"https:\\\/\\\/amaiacastresana.com\\\/productos\\\/\",\"name\":\"Productos - Amaya Castresana\",\"isPartOf\":{\"@id\":\"https:\\\/\\\/amaiacastresana.com\\\/#website\"},\"datePublished\":\"2025-07-28T10:12:02+00:00\",\"dateModified\":\"2025-07-28T12:52:11+00:00\",\"breadcrumb\":{\"@id\":\"https:\\\/\\\/amaiacastresana.com\\\/productos\\\/#breadcrumb\"},\"inLanguage\":\"eu\",\"potentialAction\":[{\"@type\":\"ReadAction\",\"target\":[\"https:\\\/\\\/amaiacastresana.com\\\/productos\\\/\"]}]},{\"@type\":\"BreadcrumbList\",\"@id\":\"https:\\\/\\\/amaiacastresana.com\\\/productos\\\/#breadcrumb\",\"itemListElement\":[{\"@type\":\"ListItem\",\"position\":1,\"name\":\"Portada\",\"item\":\"https:\\\/\\\/amaiacastresana.com\\\/\"},{\"@type\":\"ListItem\",\"position\":2,\"name\":\"Productos\"}]},{\"@type\":\"WebSite\",\"@id\":\"https:\\\/\\\/amaiacastresana.com\\\/#website\",\"url\":\"https:\\\/\\\/amaiacastresana.com\\\/\",\"name\":\"Amaya Castresana\",\"description\":\"Distribuci\u00f3n de productos de est\u00e9tica\",\"publisher\":{\"@id\":\"https:\\\/\\\/amaiacastresana.com\\\/#organization\"},\"potentialAction\":[{\"@type\":\"SearchAction\",\"target\":{\"@type\":\"EntryPoint\",\"urlTemplate\":\"https:\\\/\\\/amaiacastresana.com\\\/?s={search_term_string}\"},\"query-input\":{\"@type\":\"PropertyValueSpecification\",\"valueRequired\":true,\"valueName\":\"search_term_string\"}}],\"inLanguage\":\"eu\"},{\"@type\":\"Organization\",\"@id\":\"https:\\\/\\\/amaiacastresana.com\\\/#organization\",\"name\":\"Amaya Castresana\",\"url\":\"https:\\\/\\\/amaiacastresana.com\\\/\",\"logo\":{\"@type\":\"ImageObject\",\"inLanguage\":\"eu\",\"@id\":\"https:\\\/\\\/amaiacastresana.com\\\/#\\\/schema\\\/logo\\\/image\\\/\",\"url\":\"https:\\\/\\\/amaiacastresana.com\\\/wp-content\\\/uploads\\\/2025\\\/07\\\/cropped-Amaya-Castresana.png\",\"contentUrl\":\"https:\\\/\\\/amaiacastresana.com\\\/wp-content\\\/uploads\\\/2025\\\/07\\\/cropped-Amaya-Castresana.png\",\"width\":369,\"height\":181,\"caption\":\"Amaya Castresana\"},\"image\":{\"@id\":\"https:\\\/\\\/amaiacastresana.com\\\/#\\\/schema\\\/logo\\\/image\\\/\"}}]}<\/script>\n<!-- \/ Yoast SEO plugin. -->","yoast_head_json":{"title":"Productos - Amaya Castresana","robots":{"index":"index","follow":"follow","max-snippet":"max-snippet:-1","max-image-preview":"max-image-preview:large","max-video-preview":"max-video-preview:-1"},"canonical":"https:\/\/amaiacastresana.com\/eu\/productos\/","og_locale":"en_US","og_type":"article","og_title":"Productos - Amaya Castresana","og_description":"Productos Distribuci\u00f3n de productos de est\u00e9tica Cosm\u00e9tica Facial Profesional Productos dise\u00f1ados para tratamientos de cabina o venta profesional: Cremas hidratantes intensivas: con \u00e1cido hialur\u00f3nico, col\u00e1geno marino, vitamina C. S\u00e9rums concentrados: anti-edad, reafirmantes, iluminadores. Mascarillas faciales: peel-off, arcilla, hidrogel, tis\u00fa. Peelings qu\u00edmicos y enzim\u00e1ticos: para renovar la piel con suavidad y eficacia. Ampollas flash: efecto tensor [&hellip;]","og_url":"https:\/\/amaiacastresana.com\/eu\/productos\/","og_site_name":"Amaya Castresana","article_modified_time":"2025-07-28T12:52:11+00:00","twitter_card":"summary_large_image","twitter_misc":{"Est. reading time":"1 minutua"},"schema":{"@context":"https:\/\/schema.org","@graph":[{"@type":"WebPage","@id":"https:\/\/amaiacastresana.com\/productos\/","url":"https:\/\/amaiacastresana.com\/productos\/","name":"Productos - Amaya Castresana","isPartOf":{"@id":"https:\/\/amaiacastresana.com\/#website"},"datePublished":"2025-07-28T10:12:02+00:00","dateModified":"2025-07-28T12:52:11+00:00","breadcrumb":{"@id":"https:\/\/amaiacastresana.com\/productos\/#breadcrumb"},"inLanguage":"eu","potentialAction":[{"@type":"ReadAction","target":["https:\/\/amaiacastresana.com\/productos\/"]}]},{"@type":"BreadcrumbList","@id":"https:\/\/amaiacastresana.com\/productos\/#breadcrumb","itemListElement":[{"@type":"ListItem","position":1,"name":"Portada","item":"https:\/\/amaiacastresana.com\/"},{"@type":"ListItem","position":2,"name":"Productos"}]},{"@type":"WebSite","@id":"https:\/\/amaiacastresana.com\/#website","url":"https:\/\/amaiacastresana.com\/","name":"Amaya Castresana","description":"Estetikako produktuen banaketa","publisher":{"@id":"https:\/\/amaiacastresana.com\/#organization"},"potentialAction":[{"@type":"SearchAction","target":{"@type":"EntryPoint","urlTemplate":"https:\/\/amaiacastresana.com\/?s={search_term_string}"},"query-input":{"@type":"PropertyValueSpecification","valueRequired":true,"valueName":"search_term_string"}}],"inLanguage":"eu"},{"@type":"Organization","@id":"https:\/\/amaiacastresana.com\/#organization","name":"Amaya Castresana","url":"https:\/\/amaiacastresana.com\/","logo":{"@type":"ImageObject","inLanguage":"eu","@id":"https:\/\/amaiacastresana.com\/#\/schema\/logo\/image\/","url":"https:\/\/amaiacastresana.com\/wp-content\/uploads\/2025\/07\/cropped-Amaya-Castresana.png","contentUrl":"https:\/\/amaiacastresana.com\/wp-content\/uploads\/2025\/07\/cropped-Amaya-Castresana.png","width":369,"height":181,"caption":"Amaya Castresana"},"image":{"@id":"https:\/\/amaiacastresana.com\/#\/schema\/logo\/image\/"}}]}},"_links":{"self":[{"href":"https:\/\/amaiacastresana.com\/eu\/wp-json\/wp\/v2\/pages\/23","targetHints":{"allow":["GET"]}}],"collection":[{"href":"https:\/\/amaiacastresana.com\/eu\/wp-json\/wp\/v2\/pages"}],"about":[{"href":"https:\/\/amaiacastresana.com\/eu\/wp-json\/wp\/v2\/types\/page"}],"author":[{"embeddable":true,"href":"https:\/\/amaiacastresana.com\/eu\/wp-json\/wp\/v2\/users\/1"}],"replies":[{"embeddable":true,"href":"https:\/\/amaiacastresana.com\/eu\/wp-json\/wp\/v2\/comments?post=23"}],"version-history":[{"count":22,"href":"https:\/\/amaiacastresana.com\/eu\/wp-json\/wp\/v2\/pages\/23\/revisions"}],"predecessor-version":[{"id":188,"href":"https:\/\/amaiacastresana.com\/eu\/wp-json\/wp\/v2\/pages\/23\/revisions\/188"}],"wp:attachment":[{"href":"https:\/\/amaiacastresana.com\/eu\/wp-json\/wp\/v2\/media?parent=23"}],"curies":[{"name":"wp","href":"https:\/\/api.w.org\/{rel}","templated":true}]}}